{"id":13803,"date":"2022-10-25T08:43:59","date_gmt":"2022-10-25T11:43:59","guid":{"rendered":"https:\/\/resibag.com.br\/home\/resibag\/?page_id=13803"},"modified":"2022-10-27T08:48:07","modified_gmt":"2022-10-27T11:48:07","slug":"conteudo","status":"publish","type":"page","link":"https:\/\/resibag.com.br\/home\/resibag\/conteudo\/","title":{"rendered":"conte\u00fado"},"content":{"rendered":"\t\t<div data-elementor-type=\"wp-page\" data-elementor-id=\"13803\" class=\"elementor elementor-13803\" data-elementor-post-type=\"page\">\n\t\t\t\t\t\t<section class=\"elementor-section elementor-top-section elementor-element elementor-element-290f3b2 elementor-section-full_width elementor-section-height-min-height elementor-section-height-default elementor-section-items-middle\" data-id=\"290f3b2\" data-element_type=\"section\" data-settings=\"{&quot;background_background&quot;:&quot;classic&quot;}\">\n\t\t\t\t\t\t\t<div class=\"elementor-background-overlay\"><\/div>\n\t\t\t\t\t\t\t<div class=\"elementor-container elementor-column-gap-no\">\n\t\t\t\t\t<div class=\"elementor-column elementor-col-100 elementor-top-column elementor-element elementor-element-a0a83aa\" data-id=\"a0a83aa\" data-element_type=\"column\">\n\t\t\t<div class=\"elementor-widget-wrap\">\n\t\t\t\t\t\t\t<\/div>\n\t\t<\/div>\n\t\t\t\t\t<\/div>\n\t\t<\/section>\n\t\t\t\t<section class=\"elementor-section elementor-top-section elementor-element elementor-element-544e61a elementor-section-boxed elementor-section-height-default elementor-section-height-default\" data-id=\"544e61a\" data-element_type=\"section\">\n\t\t\t\t\t\t<div class=\"elementor-container elementor-column-gap-default\">\n\t\t\t\t\t<div class=\"elementor-column elementor-col-100 elementor-top-column elementor-element elementor-element-db07aae\" data-id=\"db07aae\" data-element_type=\"column\">\n\t\t\t<div class=\"elementor-widget-wrap elementor-element-populated\">\n\t\t\t\t\t\t<div class=\"elementor-element elementor-element-2f46ba2 elementor-grid-4 elementor-posts__hover-none elementor-grid-tablet-2 elementor-grid-mobile-1 elementor-posts--thumbnail-top load-more-align-center elementor-widget elementor-widget-posts\" data-id=\"2f46ba2\" data-element_type=\"widget\" data-settings=\"{&quot;cards_columns&quot;:&quot;4&quot;,&quot;pagination_type&quot;:&quot;load_more_on_click&quot;,&quot;cards_columns_tablet&quot;:&quot;2&quot;,&quot;cards_columns_mobile&quot;:&quot;1&quot;,&quot;cards_row_gap&quot;:{&quot;unit&quot;:&quot;px&quot;,&quot;size&quot;:35,&quot;sizes&quot;:[]},&quot;cards_row_gap_tablet&quot;:{&quot;unit&quot;:&quot;px&quot;,&quot;size&quot;:&quot;&quot;,&quot;sizes&quot;:[]},&quot;cards_row_gap_mobile&quot;:{&quot;unit&quot;:&quot;px&quot;,&quot;size&quot;:&quot;&quot;,&quot;sizes&quot;:[]},&quot;load_more_spinner&quot;:{&quot;value&quot;:&quot;fas fa-spinner&quot;,&quot;library&quot;:&quot;fa-solid&quot;}}\" data-widget_type=\"posts.cards\">\n\t\t\t\t<div class=\"elementor-widget-container\">\n\t\t\t\t\t\t\t<div class=\"elementor-posts-container elementor-posts elementor-posts--skin-cards elementor-grid\">\n\t\t\t\t<article class=\"elementor-post elementor-grid-item post-14568 post type-post status-publish format-standard has-post-thumbnail hentry category-novidades category-resibag\">\n\t\t\t<div class=\"elementor-post__card\">\n\t\t\t\t<a class=\"elementor-post__thumbnail__link\" href=\"https:\/\/resibag.com.br\/home\/resibag\/2024\/01\/17\/esg-e-o-gerenciamento-de-residuos-perigosos\/\" tabindex=\"-1\" ><div class=\"elementor-post__thumbnail\"><img decoding=\"async\" width=\"300\" height=\"109\" src=\"https:\/\/resibag.com.br\/home\/resibag\/wp-content\/uploads\/2024\/01\/11-004249-Sanwey-Resibag-Artigo-ESG-e-Gerenciamento-de-Residuos-Perigosos-1-300x109.jpg\" class=\"attachment-medium size-medium wp-image-14570\" alt=\"\" srcset=\"https:\/\/resibag.com.br\/home\/resibag\/wp-content\/uploads\/2024\/01\/11-004249-Sanwey-Resibag-Artigo-ESG-e-Gerenciamento-de-Residuos-Perigosos-1-300x109.jpg 300w, https:\/\/resibag.com.br\/home\/resibag\/wp-content\/uploads\/2024\/01\/11-004249-Sanwey-Resibag-Artigo-ESG-e-Gerenciamento-de-Residuos-Perigosos-1-1024x373.jpg 1024w, https:\/\/resibag.com.br\/home\/resibag\/wp-content\/uploads\/2024\/01\/11-004249-Sanwey-Resibag-Artigo-ESG-e-Gerenciamento-de-Residuos-Perigosos-1-768x280.jpg 768w, https:\/\/resibag.com.br\/home\/resibag\/wp-content\/uploads\/2024\/01\/11-004249-Sanwey-Resibag-Artigo-ESG-e-Gerenciamento-de-Residuos-Perigosos-1-1536x560.jpg 1536w, https:\/\/resibag.com.br\/home\/resibag\/wp-content\/uploads\/2024\/01\/11-004249-Sanwey-Resibag-Artigo-ESG-e-Gerenciamento-de-Residuos-Perigosos-1-2048x747.jpg 2048w, https:\/\/resibag.com.br\/home\/resibag\/wp-content\/uploads\/2024\/01\/11-004249-Sanwey-Resibag-Artigo-ESG-e-Gerenciamento-de-Residuos-Perigosos-1-600x219.jpg 600w, https:\/\/resibag.com.br\/home\/resibag\/wp-content\/uploads\/2024\/01\/11-004249-Sanwey-Resibag-Artigo-ESG-e-Gerenciamento-de-Residuos-Perigosos-1-64x23.jpg 64w\" sizes=\"(max-width: 300px) 100vw, 300px\" \/><\/div><\/a>\n\t\t\t\t<div class=\"elementor-post__badge\">Novidades<\/div>\n\t\t\t\t<div class=\"elementor-post__text\">\n\t\t\t\t<h3 class=\"elementor-post__title\">\n\t\t\t<a href=\"https:\/\/resibag.com.br\/home\/resibag\/2024\/01\/17\/esg-e-o-gerenciamento-de-residuos-perigosos\/\" >\n\t\t\t\tESG e Gerenciamento de Res\u00edduos Perigosos: Explorando o Pilar &#8216;Meio Ambiente&#8217;\t\t\t<\/a>\n\t\t<\/h3>\n\t\t\t\t<div class=\"elementor-post__excerpt\">\n\t\t\t<p>Neste artigo, vamos nos aprofundar no componente &#8220;Meio Ambiente&#8221; do ESG e sua rela\u00e7\u00e3o com o gerenciamento de res\u00edduos perigosos.<\/p>\n\t\t<\/div>\n\t\t\n\t\t<a class=\"elementor-post__read-more\" href=\"https:\/\/resibag.com.br\/home\/resibag\/2024\/01\/17\/esg-e-o-gerenciamento-de-residuos-perigosos\/\" aria-label=\"Read more about ESG e Gerenciamento de Res\u00edduos Perigosos: Explorando o Pilar &#8216;Meio Ambiente&#8217;\" tabindex=\"-1\" >\n\t\t\tler mais \u00bb\t\t<\/a>\n\n\t\t\t\t<\/div>\n\t\t\t\t<div class=\"elementor-post__meta-data\">\n\t\t\t\t\t<span class=\"elementor-post-date\">\n\t\t\t17 de janeiro de 2024\t\t<\/span>\n\t\t\t\t<\/div>\n\t\t\t\t\t<\/div>\n\t\t<\/article>\n\t\t\t\t<article class=\"elementor-post elementor-grid-item post-14565 post type-post status-publish format-standard has-post-thumbnail hentry category-novidades category-resibag\">\n\t\t\t<div class=\"elementor-post__card\">\n\t\t\t\t<a class=\"elementor-post__thumbnail__link\" href=\"https:\/\/resibag.com.br\/home\/resibag\/2024\/01\/10\/curiosidades-e-estatisticas-de-residuos-perigosos\/\" tabindex=\"-1\" ><div class=\"elementor-post__thumbnail\"><img decoding=\"async\" width=\"300\" height=\"109\" src=\"https:\/\/resibag.com.br\/home\/resibag\/wp-content\/uploads\/2024\/01\/11-004051-Sanwey-Resibag-Curiosidades-e-Estatisticas-SITE-300x109.png\" class=\"attachment-medium size-medium wp-image-14566\" alt=\"\" srcset=\"https:\/\/resibag.com.br\/home\/resibag\/wp-content\/uploads\/2024\/01\/11-004051-Sanwey-Resibag-Curiosidades-e-Estatisticas-SITE-300x109.png 300w, https:\/\/resibag.com.br\/home\/resibag\/wp-content\/uploads\/2024\/01\/11-004051-Sanwey-Resibag-Curiosidades-e-Estatisticas-SITE-1024x373.png 1024w, https:\/\/resibag.com.br\/home\/resibag\/wp-content\/uploads\/2024\/01\/11-004051-Sanwey-Resibag-Curiosidades-e-Estatisticas-SITE-768x280.png 768w, https:\/\/resibag.com.br\/home\/resibag\/wp-content\/uploads\/2024\/01\/11-004051-Sanwey-Resibag-Curiosidades-e-Estatisticas-SITE-600x219.png 600w, https:\/\/resibag.com.br\/home\/resibag\/wp-content\/uploads\/2024\/01\/11-004051-Sanwey-Resibag-Curiosidades-e-Estatisticas-SITE-64x23.png 64w, https:\/\/resibag.com.br\/home\/resibag\/wp-content\/uploads\/2024\/01\/11-004051-Sanwey-Resibag-Curiosidades-e-Estatisticas-SITE.png 1536w\" sizes=\"(max-width: 300px) 100vw, 300px\" \/><\/div><\/a>\n\t\t\t\t<div class=\"elementor-post__badge\">Novidades<\/div>\n\t\t\t\t<div class=\"elementor-post__text\">\n\t\t\t\t<h3 class=\"elementor-post__title\">\n\t\t\t<a href=\"https:\/\/resibag.com.br\/home\/resibag\/2024\/01\/10\/curiosidades-e-estatisticas-de-residuos-perigosos\/\" >\n\t\t\t\tCuriosidades e Estat\u00edsticas: A Import\u00e2ncia das Embalagens Homologadas no Transporte de Res\u00edduos Perigosos\t\t\t<\/a>\n\t\t<\/h3>\n\t\t\t\t<div class=\"elementor-post__excerpt\">\n\t\t\t<p>Descubra detalhes essenciais sobre o transporte de res\u00edduos perigosos ea import\u00e2ncia do uso de embalagens homologadas e seguras.<\/p>\n\t\t<\/div>\n\t\t\n\t\t<a class=\"elementor-post__read-more\" href=\"https:\/\/resibag.com.br\/home\/resibag\/2024\/01\/10\/curiosidades-e-estatisticas-de-residuos-perigosos\/\" aria-label=\"Read more about Curiosidades e Estat\u00edsticas: A Import\u00e2ncia das Embalagens Homologadas no Transporte de Res\u00edduos Perigosos\" tabindex=\"-1\" >\n\t\t\tler mais \u00bb\t\t<\/a>\n\n\t\t\t\t<\/div>\n\t\t\t\t<div class=\"elementor-post__meta-data\">\n\t\t\t\t\t<span class=\"elementor-post-date\">\n\t\t\t10 de janeiro de 2024\t\t<\/span>\n\t\t\t\t<\/div>\n\t\t\t\t\t<\/div>\n\t\t<\/article>\n\t\t\t\t<article class=\"elementor-post elementor-grid-item post-14559 post type-post status-publish format-standard has-post-thumbnail hentry category-novidades category-resibag tag-esg tag-sustentabilidade\">\n\t\t\t<div class=\"elementor-post__card\">\n\t\t\t\t<a class=\"elementor-post__thumbnail__link\" href=\"https:\/\/resibag.com.br\/home\/resibag\/2024\/01\/04\/resibag-se-alinha-aos-objetivos-esg\/\" tabindex=\"-1\" ><div class=\"elementor-post__thumbnail\"><img decoding=\"async\" width=\"300\" height=\"109\" src=\"https:\/\/resibag.com.br\/home\/resibag\/wp-content\/uploads\/2024\/01\/11-004250-Artigo-Um-Futuro-Mais-Verde-1-300x109.jpg\" class=\"attachment-medium size-medium wp-image-14560\" alt=\"\" srcset=\"https:\/\/resibag.com.br\/home\/resibag\/wp-content\/uploads\/2024\/01\/11-004250-Artigo-Um-Futuro-Mais-Verde-1-300x109.jpg 300w, https:\/\/resibag.com.br\/home\/resibag\/wp-content\/uploads\/2024\/01\/11-004250-Artigo-Um-Futuro-Mais-Verde-1-1024x373.jpg 1024w, https:\/\/resibag.com.br\/home\/resibag\/wp-content\/uploads\/2024\/01\/11-004250-Artigo-Um-Futuro-Mais-Verde-1-768x280.jpg 768w, https:\/\/resibag.com.br\/home\/resibag\/wp-content\/uploads\/2024\/01\/11-004250-Artigo-Um-Futuro-Mais-Verde-1-1536x560.jpg 1536w, https:\/\/resibag.com.br\/home\/resibag\/wp-content\/uploads\/2024\/01\/11-004250-Artigo-Um-Futuro-Mais-Verde-1-2048x747.jpg 2048w, https:\/\/resibag.com.br\/home\/resibag\/wp-content\/uploads\/2024\/01\/11-004250-Artigo-Um-Futuro-Mais-Verde-1-600x219.jpg 600w, https:\/\/resibag.com.br\/home\/resibag\/wp-content\/uploads\/2024\/01\/11-004250-Artigo-Um-Futuro-Mais-Verde-1-64x23.jpg 64w\" sizes=\"(max-width: 300px) 100vw, 300px\" \/><\/div><\/a>\n\t\t\t\t<div class=\"elementor-post__badge\">Novidades<\/div>\n\t\t\t\t<div class=\"elementor-post__text\">\n\t\t\t\t<h3 class=\"elementor-post__title\">\n\t\t\t<a href=\"https:\/\/resibag.com.br\/home\/resibag\/2024\/01\/04\/resibag-se-alinha-aos-objetivos-esg\/\" >\n\t\t\t\tUm Futuro Mais Verde: Como o Resibag Se Alinha aos Objetivos de Sustentabilidade do ESG\t\t\t<\/a>\n\t\t<\/h3>\n\t\t\t\t<div class=\"elementor-post__excerpt\">\n\t\t\t<p>Descubra como a Resibag, se alinha perfeitamente com os objetivos de sustentabilidade do ESG, contribuindo para um futuro mais verde.<\/p>\n\t\t<\/div>\n\t\t\n\t\t<a class=\"elementor-post__read-more\" href=\"https:\/\/resibag.com.br\/home\/resibag\/2024\/01\/04\/resibag-se-alinha-aos-objetivos-esg\/\" aria-label=\"Read more about Um Futuro Mais Verde: Como o Resibag Se Alinha aos Objetivos de Sustentabilidade do ESG\" tabindex=\"-1\" >\n\t\t\tler mais \u00bb\t\t<\/a>\n\n\t\t\t\t<\/div>\n\t\t\t\t<div class=\"elementor-post__meta-data\">\n\t\t\t\t\t<span class=\"elementor-post-date\">\n\t\t\t4 de janeiro de 2024\t\t<\/span>\n\t\t\t\t<\/div>\n\t\t\t\t\t<\/div>\n\t\t<\/article>\n\t\t\t\t<article class=\"elementor-post elementor-grid-item post-14551 post type-post status-publish format-standard has-post-thumbnail hentry category-novidades tag-boas-festas tag-feliz-ano-novo tag-feliz-natal tag-resibag\">\n\t\t\t<div class=\"elementor-post__card\">\n\t\t\t\t<a class=\"elementor-post__thumbnail__link\" href=\"https:\/\/resibag.com.br\/home\/resibag\/2023\/12\/21\/boas-festas\/\" tabindex=\"-1\" ><div class=\"elementor-post__thumbnail\"><img loading=\"lazy\" decoding=\"async\" width=\"300\" height=\"109\" src=\"https:\/\/resibag.com.br\/home\/resibag\/wp-content\/uploads\/2023\/12\/11-003893-Sanwey-Post-Cartao-de-Boas-Festas4-1-300x109.jpg\" class=\"attachment-medium size-medium wp-image-14552\" alt=\"\" srcset=\"https:\/\/resibag.com.br\/home\/resibag\/wp-content\/uploads\/2023\/12\/11-003893-Sanwey-Post-Cartao-de-Boas-Festas4-1-300x109.jpg 300w, https:\/\/resibag.com.br\/home\/resibag\/wp-content\/uploads\/2023\/12\/11-003893-Sanwey-Post-Cartao-de-Boas-Festas4-1-1024x373.jpg 1024w, https:\/\/resibag.com.br\/home\/resibag\/wp-content\/uploads\/2023\/12\/11-003893-Sanwey-Post-Cartao-de-Boas-Festas4-1-768x280.jpg 768w, https:\/\/resibag.com.br\/home\/resibag\/wp-content\/uploads\/2023\/12\/11-003893-Sanwey-Post-Cartao-de-Boas-Festas4-1-1536x560.jpg 1536w, https:\/\/resibag.com.br\/home\/resibag\/wp-content\/uploads\/2023\/12\/11-003893-Sanwey-Post-Cartao-de-Boas-Festas4-1-600x219.jpg 600w, https:\/\/resibag.com.br\/home\/resibag\/wp-content\/uploads\/2023\/12\/11-003893-Sanwey-Post-Cartao-de-Boas-Festas4-1-64x23.jpg 64w, https:\/\/resibag.com.br\/home\/resibag\/wp-content\/uploads\/2023\/12\/11-003893-Sanwey-Post-Cartao-de-Boas-Festas4-1.jpg 1920w\" sizes=\"(max-width: 300px) 100vw, 300px\" \/><\/div><\/a>\n\t\t\t\t<div class=\"elementor-post__badge\">Novidades<\/div>\n\t\t\t\t<div class=\"elementor-post__text\">\n\t\t\t\t<h3 class=\"elementor-post__title\">\n\t\t\t<a href=\"https:\/\/resibag.com.br\/home\/resibag\/2023\/12\/21\/boas-festas\/\" >\n\t\t\t\tBoas Festas\t\t\t<\/a>\n\t\t<\/h3>\n\t\t\t\t<div class=\"elementor-post__excerpt\">\n\t\t\t<p>A Sanwey deseja a voc\u00ea e sua fam\u00edlia um Feliz Natal e um Ano Novo repleto de prosperidade e sucesso. Obrigado por fazer parte da nossa jornada.<\/p>\n\t\t<\/div>\n\t\t\n\t\t<a class=\"elementor-post__read-more\" href=\"https:\/\/resibag.com.br\/home\/resibag\/2023\/12\/21\/boas-festas\/\" aria-label=\"Read more about Boas Festas\" tabindex=\"-1\" >\n\t\t\tler mais \u00bb\t\t<\/a>\n\n\t\t\t\t<\/div>\n\t\t\t\t<div class=\"elementor-post__meta-data\">\n\t\t\t\t\t<span class=\"elementor-post-date\">\n\t\t\t21 de dezembro de 2023\t\t<\/span>\n\t\t\t\t<\/div>\n\t\t\t\t\t<\/div>\n\t\t<\/article>\n\t\t\t\t<\/div>\n\t\t\t\t\t<span class=\"e-load-more-spinner\">\n\t\t\t\t<i aria-hidden=\"true\" class=\"fas fa-spinner\"><\/i>\t\t\t<\/span>\n\t\t\n\t\t\t\t<div class=\"e-load-more-anchor\" data-page=\"1\" data-max-page=\"4\" data-next-page=\"https:\/\/resibag.com.br\/home\/resibag\/wp-json\/wp\/v2\/pages\/13803\/page\/2\/\"><\/div>\n\t\t\t\t<div class=\"elementor-button-wrapper\">\n\t\t\t<a href=\"#\" class=\"elementor-button-link elementor-button\" role=\"button\">\n\t\t\t\t\t\t<span class=\"elementor-button-content-wrapper\">\n\t\t\t\t\t\t\t\t\t<span class=\"elementor-button-text\">Carregar mais<\/span>\n\t\t\t\t\t<\/span>\n\t\t\t\t\t<\/a>\n\t\t<\/div>\n\t\t\t\t<div class=\"e-load-more-message\"><\/div>\n\t\t\t\t\t\t<\/div>\n\t\t\t\t<\/div>\n\t\t\t\t\t<\/div>\n\t\t<\/div>\n\t\t\t\t\t<\/div>\n\t\t<\/section>\n\t\t\t\t<\/div>\n\t\t","protected":false},"excerpt":{"rendered":"","protected":false},"author":92,"featured_media":0,"parent":0,"menu_order":0,"comment_status":"closed","ping_status":"closed","template":"elementor_header_footer","meta":{"neve_meta_sidebar":"","neve_meta_container":"","neve_meta_enable_content_width":"","neve_meta_content_width":0,"neve_meta_title_alignment":"","neve_meta_author_avatar":"","neve_post_elements_order":"","neve_meta_disable_header":"","neve_meta_disable_footer":"","neve_meta_disable_title":"","footnotes":""},"class_list":["post-13803","page","type-page","status-publish","hentry"],"yoast_head":"<!-- This site is optimized with the Yoast SEO Premium plugin v18.3 (Yoast SEO v25.4) - https:\/\/yoast.com\/wordpress\/plugins\/seo\/ -->\n<title>conte\u00fado - Resibag<\/title>\n<meta name=\"robots\" content=\"index, follow, max-snippet:-1, max-image-preview:large, max-video-preview:-1\" \/>\n<link rel=\"canonical\" href=\"https:\/\/resibag.com.br\/home\/resibag\/conteudo\/\" \/>\n<meta property=\"og:locale\" content=\"pt_BR\" \/>\n<meta property=\"og:type\" content=\"article\" \/>\n<meta property=\"og:title\" content=\"conte\u00fado\" \/>\n<meta property=\"og:url\" content=\"https:\/\/resibag.com.br\/home\/resibag\/conteudo\/\" \/>\n<meta property=\"og:site_name\" content=\"Resibag\" \/>\n<meta property=\"article:publisher\" content=\"https:\/\/www.facebook.com\/chlobrecho\" \/>\n<meta property=\"article:modified_time\" content=\"2022-10-27T11:48:07+00:00\" \/>\n<meta property=\"og:image\" content=\"https:\/\/resibag.com.br\/home\/resibag\/wp-content\/uploads\/2020\/12\/chlo-whatsapp.jpg\" \/>\n\t<meta property=\"og:image:width\" content=\"310\" \/>\n\t<meta property=\"og:image:height\" content=\"310\" \/>\n\t<meta property=\"og:image:type\" content=\"image\/jpeg\" \/>\n<meta name=\"twitter:card\" content=\"summary_large_image\" \/>\n<meta name=\"twitter:label1\" content=\"Est. tempo de leitura\" \/>\n\t<meta name=\"twitter:data1\" content=\"1 minuto\" \/>\n<script type=\"application\/ld+json\" class=\"yoast-schema-graph\">{\"@context\":\"https:\/\/schema.org\",\"@graph\":[{\"@type\":\"WebPage\",\"@id\":\"https:\/\/resibag.com.br\/home\/resibag\/conteudo\/\",\"url\":\"https:\/\/resibag.com.br\/home\/resibag\/conteudo\/\",\"name\":\"conte\u00fado - Resibag\",\"isPartOf\":{\"@id\":\"https:\/\/resibag.com.br\/home\/resibag\/#website\"},\"datePublished\":\"2022-10-25T11:43:59+00:00\",\"dateModified\":\"2022-10-27T11:48:07+00:00\",\"breadcrumb\":{\"@id\":\"https:\/\/resibag.com.br\/home\/resibag\/conteudo\/#breadcrumb\"},\"inLanguage\":\"pt-BR\",\"potentialAction\":[{\"@type\":\"ReadAction\",\"target\":[\"https:\/\/resibag.com.br\/home\/resibag\/conteudo\/\"]}]},{\"@type\":\"BreadcrumbList\",\"@id\":\"https:\/\/resibag.com.br\/home\/resibag\/conteudo\/#breadcrumb\",\"itemListElement\":[{\"@type\":\"ListItem\",\"position\":1,\"name\":\"In\u00edcio\",\"item\":\"https:\/\/resibag.com.br\/home\/resibag\/\"},{\"@type\":\"ListItem\",\"position\":2,\"name\":\"conte\u00fado\"}]},{\"@type\":\"WebSite\",\"@id\":\"https:\/\/resibag.com.br\/home\/resibag\/#website\",\"url\":\"https:\/\/resibag.com.br\/home\/resibag\/\",\"name\":\"Chl\u00f4 - Brech\u00f3 de Luxo Online\",\"description\":\"Seu Descarte Consciente\",\"potentialAction\":[{\"@type\":\"SearchAction\",\"target\":{\"@type\":\"EntryPoint\",\"urlTemplate\":\"https:\/\/resibag.com.br\/home\/resibag\/?s={search_term_string}\"},\"query-input\":{\"@type\":\"PropertyValueSpecification\",\"valueRequired\":true,\"valueName\":\"search_term_string\"}}],\"inLanguage\":\"pt-BR\"}]}<\/script>\n<!-- \/ Yoast SEO Premium plugin. -->","yoast_head_json":{"title":"conte\u00fado - Resibag","robots":{"index":"index","follow":"follow","max-snippet":"max-snippet:-1","max-image-preview":"max-image-preview:large","max-video-preview":"max-video-preview:-1"},"canonical":"https:\/\/resibag.com.br\/home\/resibag\/conteudo\/","og_locale":"pt_BR","og_type":"article","og_title":"conte\u00fado","og_url":"https:\/\/resibag.com.br\/home\/resibag\/conteudo\/","og_site_name":"Resibag","article_publisher":"https:\/\/www.facebook.com\/chlobrecho","article_modified_time":"2022-10-27T11:48:07+00:00","og_image":[{"width":310,"height":310,"url":"https:\/\/resibag.com.br\/home\/resibag\/wp-content\/uploads\/2020\/12\/chlo-whatsapp.jpg","type":"image\/jpeg"}],"twitter_card":"summary_large_image","twitter_misc":{"Est. tempo de leitura":"1 minuto"},"schema":{"@context":"https:\/\/schema.org","@graph":[{"@type":"WebPage","@id":"https:\/\/resibag.com.br\/home\/resibag\/conteudo\/","url":"https:\/\/resibag.com.br\/home\/resibag\/conteudo\/","name":"conte\u00fado - Resibag","isPartOf":{"@id":"https:\/\/resibag.com.br\/home\/resibag\/#website"},"datePublished":"2022-10-25T11:43:59+00:00","dateModified":"2022-10-27T11:48:07+00:00","breadcrumb":{"@id":"https:\/\/resibag.com.br\/home\/resibag\/conteudo\/#breadcrumb"},"inLanguage":"pt-BR","potentialAction":[{"@type":"ReadAction","target":["https:\/\/resibag.com.br\/home\/resibag\/conteudo\/"]}]},{"@type":"BreadcrumbList","@id":"https:\/\/resibag.com.br\/home\/resibag\/conteudo\/#breadcrumb","itemListElement":[{"@type":"ListItem","position":1,"name":"In\u00edcio","item":"https:\/\/resibag.com.br\/home\/resibag\/"},{"@type":"ListItem","position":2,"name":"conte\u00fado"}]},{"@type":"WebSite","@id":"https:\/\/resibag.com.br\/home\/resibag\/#website","url":"https:\/\/resibag.com.br\/home\/resibag\/","name":"Chl\u00f4 - Brech\u00f3 de Luxo Online","description":"Seu Descarte Consciente","potentialAction":[{"@type":"SearchAction","target":{"@type":"EntryPoint","urlTemplate":"https:\/\/resibag.com.br\/home\/resibag\/?s={search_term_string}"},"query-input":{"@type":"PropertyValueSpecification","valueRequired":true,"valueName":"search_term_string"}}],"inLanguage":"pt-BR"}]}},"_links":{"self":[{"href":"https:\/\/resibag.com.br\/home\/resibag\/wp-json\/wp\/v2\/pages\/13803","targetHints":{"allow":["GET"]}}],"collection":[{"href":"https:\/\/resibag.com.br\/home\/resibag\/wp-json\/wp\/v2\/pages"}],"about":[{"href":"https:\/\/resibag.com.br\/home\/resibag\/wp-json\/wp\/v2\/types\/page"}],"author":[{"embeddable":true,"href":"https:\/\/resibag.com.br\/home\/resibag\/wp-json\/wp\/v2\/users\/92"}],"replies":[{"embeddable":true,"href":"https:\/\/resibag.com.br\/home\/resibag\/wp-json\/wp\/v2\/comments?post=13803"}],"version-history":[{"count":23,"href":"https:\/\/resibag.com.br\/home\/resibag\/wp-json\/wp\/v2\/pages\/13803\/revisions"}],"predecessor-version":[{"id":14156,"href":"https:\/\/resibag.com.br\/home\/resibag\/wp-json\/wp\/v2\/pages\/13803\/revisions\/14156"}],"wp:attachment":[{"href":"https:\/\/resibag.com.br\/home\/resibag\/wp-json\/wp\/v2\/media?parent=13803"}],"curies":[{"name":"wp","href":"https:\/\/api.w.org\/{rel}","templated":true}]}}