{"id":14168,"date":"2022-12-28T09:33:36","date_gmt":"2022-12-28T12:33:36","guid":{"rendered":"https:\/\/resibag.com.br\/home\/resibag\/?page_id=14168"},"modified":"2024-08-12T11:09:51","modified_gmt":"2024-08-12T14:09:51","slug":"historia-da-resibag","status":"publish","type":"page","link":"https:\/\/resibag.com.br\/home\/resibag\/historia-da-resibag\/","title":{"rendered":"Hist\u00f3ria da Resibag"},"content":{"rendered":"\t\t<div data-elementor-type=\"wp-page\" data-elementor-id=\"14168\" class=\"elementor elementor-14168\" data-elementor-post-type=\"page\">\n\t\t\t\t\t\t<section class=\"elementor-section elementor-top-section elementor-element elementor-element-da7207a elementor-section-boxed elementor-section-height-default elementor-section-height-default\" data-id=\"da7207a\" data-element_type=\"section\">\n\t\t\t\t\t\t<div class=\"elementor-container elementor-column-gap-default\">\n\t\t\t\t\t<div class=\"elementor-column elementor-col-100 elementor-top-column elementor-element elementor-element-53d811e\" data-id=\"53d811e\" data-element_type=\"column\">\n\t\t\t<div class=\"elementor-widget-wrap elementor-element-populated\">\n\t\t\t\t\t\t<div class=\"elementor-element elementor-element-2c345c6 elementor-widget elementor-widget-spacer\" data-id=\"2c345c6\" data-element_type=\"widget\" data-widget_type=\"spacer.default\">\n\t\t\t\t<div class=\"elementor-widget-container\">\n\t\t\t\t\t\t\t<div class=\"elementor-spacer\">\n\t\t\t<div class=\"elementor-spacer-inner\"><\/div>\n\t\t<\/div>\n\t\t\t\t\t\t<\/div>\n\t\t\t\t<\/div>\n\t\t\t\t<div class=\"elementor-element elementor-element-24e9e20 elementor-widget elementor-widget-heading\" data-id=\"24e9e20\" data-element_type=\"widget\" data-widget_type=\"heading.default\">\n\t\t\t\t<div class=\"elementor-widget-container\">\n\t\t\t\t\t<h2 class=\"elementor-heading-title elementor-size-default\">Nossa hist\u00f3ria | Linha do tempo<\/h2>\t\t\t\t<\/div>\n\t\t\t\t<\/div>\n\t\t\t\t\t<\/div>\n\t\t<\/div>\n\t\t\t\t\t<\/div>\n\t\t<\/section>\n\t\t\t\t<\/div>\n\t\t","protected":false},"excerpt":{"rendered":"<p>Nossa hist\u00f3ria | Linha do tempo 1983 Inaugura\u00e7\u00e3o O ponto de partida da trajet\u00f3ria da Sanwey. 1983 1984 Inova\u00e7\u00e3o A Sanwey deu in\u00edcio \u00e0s suas opera\u00e7\u00f5es industriais, marcando sua entrada no setor de exporta\u00e7\u00e3o, algo verdadeiramente in\u00e9dito no Brasil naquela \u00e9poca. Com uma capacidade inicial de produ\u00e7\u00e3o de 500 Sanbags por m\u00eas, a Sanwey se&hellip;&nbsp;<a href=\"https:\/\/resibag.com.br\/home\/resibag\/historia-da-resibag\/\" class=\"\" rel=\"bookmark\">Continue a ler &raquo;<span class=\"screen-reader-text\">Hist\u00f3ria da Resibag<\/span><\/a><\/p>\n","protected":false},"author":92,"featured_media":0,"parent":0,"menu_order":0,"comment_status":"closed","ping_status":"closed","template":"page-templates\/template-pagebuilder-full-width.php","meta":{"neve_meta_sidebar":"","neve_meta_container":"","neve_meta_enable_content_width":"","neve_meta_content_width":0,"neve_meta_title_alignment":"","neve_meta_author_avatar":"","neve_post_elements_order":"","neve_meta_disable_header":"","neve_meta_disable_footer":"","neve_meta_disable_title":"","footnotes":""},"class_list":["post-14168","page","type-page","status-publish","hentry"],"yoast_head":"<!-- This site is optimized with the Yoast SEO Premium plugin v18.3 (Yoast SEO v25.4) - https:\/\/yoast.com\/wordpress\/plugins\/seo\/ -->\n<title>Hist\u00f3ria da Resibag - Resibag<\/title>\n<meta name=\"robots\" content=\"index, follow, max-snippet:-1, max-image-preview:large, max-video-preview:-1\" \/>\n<link rel=\"canonical\" href=\"https:\/\/resibag.com.br\/home\/resibag\/historia-da-resibag\/\" \/>\n<meta property=\"og:locale\" content=\"pt_BR\" \/>\n<meta property=\"og:type\" content=\"article\" \/>\n<meta property=\"og:title\" content=\"Hist\u00f3ria da Resibag\" \/>\n<meta property=\"og:description\" content=\"Nossa hist\u00f3ria | Linha do tempo 1983Inaugura\u00e7\u00e3oO ponto de partida da trajet\u00f3ria da Sanwey. 1983 1984Inova\u00e7\u00e3oA Sanwey deu in\u00edcio \u00e0s suas opera\u00e7\u00f5es\" \/>\n<meta property=\"og:url\" content=\"https:\/\/resibag.com.br\/home\/resibag\/historia-da-resibag\/\" \/>\n<meta property=\"og:site_name\" content=\"Resibag\" \/>\n<meta property=\"article:publisher\" content=\"https:\/\/www.facebook.com\/chlobrecho\" \/>\n<meta property=\"article:modified_time\" content=\"2024-08-12T14:09:51+00:00\" \/>\n<meta property=\"og:image\" content=\"https:\/\/resibag.com.br\/home\/resibag\/wp-content\/uploads\/2020\/12\/chlo-whatsapp.jpg\" \/>\n\t<meta property=\"og:image:width\" content=\"310\" \/>\n\t<meta property=\"og:image:height\" content=\"310\" \/>\n\t<meta property=\"og:image:type\" content=\"image\/jpeg\" \/>\n<meta name=\"twitter:card\" content=\"summary_large_image\" \/>\n<meta name=\"twitter:label1\" content=\"Est. tempo de leitura\" \/>\n\t<meta name=\"twitter:data1\" content=\"3 minutos\" \/>\n<script type=\"application\/ld+json\" class=\"yoast-schema-graph\">{\"@context\":\"https:\/\/schema.org\",\"@graph\":[{\"@type\":\"WebPage\",\"@id\":\"https:\/\/resibag.com.br\/home\/resibag\/historia-da-resibag\/\",\"url\":\"https:\/\/resibag.com.br\/home\/resibag\/historia-da-resibag\/\",\"name\":\"Hist\u00f3ria da Resibag - Resibag\",\"isPartOf\":{\"@id\":\"https:\/\/resibag.com.br\/home\/resibag\/#website\"},\"datePublished\":\"2022-12-28T12:33:36+00:00\",\"dateModified\":\"2024-08-12T14:09:51+00:00\",\"breadcrumb\":{\"@id\":\"https:\/\/resibag.com.br\/home\/resibag\/historia-da-resibag\/#breadcrumb\"},\"inLanguage\":\"pt-BR\",\"potentialAction\":[{\"@type\":\"ReadAction\",\"target\":[\"https:\/\/resibag.com.br\/home\/resibag\/historia-da-resibag\/\"]}]},{\"@type\":\"BreadcrumbList\",\"@id\":\"https:\/\/resibag.com.br\/home\/resibag\/historia-da-resibag\/#breadcrumb\",\"itemListElement\":[{\"@type\":\"ListItem\",\"position\":1,\"name\":\"In\u00edcio\",\"item\":\"https:\/\/resibag.com.br\/home\/resibag\/\"},{\"@type\":\"ListItem\",\"position\":2,\"name\":\"Hist\u00f3ria da Resibag\"}]},{\"@type\":\"WebSite\",\"@id\":\"https:\/\/resibag.com.br\/home\/resibag\/#website\",\"url\":\"https:\/\/resibag.com.br\/home\/resibag\/\",\"name\":\"Chl\u00f4 - Brech\u00f3 de Luxo Online\",\"description\":\"Seu Descarte Consciente\",\"potentialAction\":[{\"@type\":\"SearchAction\",\"target\":{\"@type\":\"EntryPoint\",\"urlTemplate\":\"https:\/\/resibag.com.br\/home\/resibag\/?s={search_term_string}\"},\"query-input\":{\"@type\":\"PropertyValueSpecification\",\"valueRequired\":true,\"valueName\":\"search_term_string\"}}],\"inLanguage\":\"pt-BR\"}]}<\/script>\n<!-- \/ Yoast SEO Premium plugin. -->","yoast_head_json":{"title":"Hist\u00f3ria da Resibag - Resibag","robots":{"index":"index","follow":"follow","max-snippet":"max-snippet:-1","max-image-preview":"max-image-preview:large","max-video-preview":"max-video-preview:-1"},"canonical":"https:\/\/resibag.com.br\/home\/resibag\/historia-da-resibag\/","og_locale":"pt_BR","og_type":"article","og_title":"Hist\u00f3ria da Resibag","og_description":"Nossa hist\u00f3ria | Linha do tempo 1983Inaugura\u00e7\u00e3oO ponto de partida da trajet\u00f3ria da Sanwey. 1983 1984Inova\u00e7\u00e3oA Sanwey deu in\u00edcio \u00e0s suas opera\u00e7\u00f5es","og_url":"https:\/\/resibag.com.br\/home\/resibag\/historia-da-resibag\/","og_site_name":"Resibag","article_publisher":"https:\/\/www.facebook.com\/chlobrecho","article_modified_time":"2024-08-12T14:09:51+00:00","og_image":[{"width":310,"height":310,"url":"https:\/\/resibag.com.br\/home\/resibag\/wp-content\/uploads\/2020\/12\/chlo-whatsapp.jpg","type":"image\/jpeg"}],"twitter_card":"summary_large_image","twitter_misc":{"Est. tempo de leitura":"3 minutos"},"schema":{"@context":"https:\/\/schema.org","@graph":[{"@type":"WebPage","@id":"https:\/\/resibag.com.br\/home\/resibag\/historia-da-resibag\/","url":"https:\/\/resibag.com.br\/home\/resibag\/historia-da-resibag\/","name":"Hist\u00f3ria da Resibag - Resibag","isPartOf":{"@id":"https:\/\/resibag.com.br\/home\/resibag\/#website"},"datePublished":"2022-12-28T12:33:36+00:00","dateModified":"2024-08-12T14:09:51+00:00","breadcrumb":{"@id":"https:\/\/resibag.com.br\/home\/resibag\/historia-da-resibag\/#breadcrumb"},"inLanguage":"pt-BR","potentialAction":[{"@type":"ReadAction","target":["https:\/\/resibag.com.br\/home\/resibag\/historia-da-resibag\/"]}]},{"@type":"BreadcrumbList","@id":"https:\/\/resibag.com.br\/home\/resibag\/historia-da-resibag\/#breadcrumb","itemListElement":[{"@type":"ListItem","position":1,"name":"In\u00edcio","item":"https:\/\/resibag.com.br\/home\/resibag\/"},{"@type":"ListItem","position":2,"name":"Hist\u00f3ria da Resibag"}]},{"@type":"WebSite","@id":"https:\/\/resibag.com.br\/home\/resibag\/#website","url":"https:\/\/resibag.com.br\/home\/resibag\/","name":"Chl\u00f4 - Brech\u00f3 de Luxo Online","description":"Seu Descarte Consciente","potentialAction":[{"@type":"SearchAction","target":{"@type":"EntryPoint","urlTemplate":"https:\/\/resibag.com.br\/home\/resibag\/?s={search_term_string}"},"query-input":{"@type":"PropertyValueSpecification","valueRequired":true,"valueName":"search_term_string"}}],"inLanguage":"pt-BR"}]}},"_links":{"self":[{"href":"https:\/\/resibag.com.br\/home\/resibag\/wp-json\/wp\/v2\/pages\/14168","targetHints":{"allow":["GET"]}}],"collection":[{"href":"https:\/\/resibag.com.br\/home\/resibag\/wp-json\/wp\/v2\/pages"}],"about":[{"href":"https:\/\/resibag.com.br\/home\/resibag\/wp-json\/wp\/v2\/types\/page"}],"author":[{"embeddable":true,"href":"https:\/\/resibag.com.br\/home\/resibag\/wp-json\/wp\/v2\/users\/92"}],"replies":[{"embeddable":true,"href":"https:\/\/resibag.com.br\/home\/resibag\/wp-json\/wp\/v2\/comments?post=14168"}],"version-history":[{"count":25,"href":"https:\/\/resibag.com.br\/home\/resibag\/wp-json\/wp\/v2\/pages\/14168\/revisions"}],"predecessor-version":[{"id":14582,"href":"https:\/\/resibag.com.br\/home\/resibag\/wp-json\/wp\/v2\/pages\/14168\/revisions\/14582"}],"wp:attachment":[{"href":"https:\/\/resibag.com.br\/home\/resibag\/wp-json\/wp\/v2\/media?parent=14168"}],"curies":[{"name":"wp","href":"https:\/\/api.w.org\/{rel}","templated":true}]}}