{"id":14279,"date":"2023-04-05T04:58:04","date_gmt":"2023-04-05T07:58:04","guid":{"rendered":"https:\/\/resibag.com.br\/home\/resibag\/?page_id=14279"},"modified":"2026-03-23T11:25:32","modified_gmt":"2026-03-23T14:25:32","slug":"resibag-estruturado","status":"publish","type":"page","link":"https:\/\/resibag.com.br\/home\/resibag\/resibag-estruturado\/","title":{"rendered":"Resibag Estruturado"},"content":{"rendered":"\t\t<div data-elementor-type=\"wp-page\" data-elementor-id=\"14279\" class=\"elementor elementor-14279\" data-elementor-post-type=\"page\">\n\t\t\t\t\t\t<section class=\"elementor-section elementor-top-section elementor-element elementor-element-cdba7bc elementor-section-boxed elementor-section-height-default elementor-section-height-default\" data-id=\"cdba7bc\" data-element_type=\"section\" data-settings=\"{&quot;background_background&quot;:&quot;classic&quot;}\">\n\t\t\t\t\t\t<div class=\"elementor-container elementor-column-gap-default\">\n\t\t\t\t\t<div class=\"elementor-column elementor-col-50 elementor-top-column elementor-element elementor-element-3e1c9dd\" data-id=\"3e1c9dd\" data-element_type=\"column\">\n\t\t\t<div class=\"elementor-widget-wrap elementor-element-populated\">\n\t\t\t\t\t\t<div class=\"elementor-element elementor-element-8d5b681 elementor-arrows-position-inside elementor-pagination-position-outside elementor-widget elementor-widget-image-carousel\" data-id=\"8d5b681\" data-element_type=\"widget\" data-settings=\"{&quot;slides_to_show&quot;:&quot;1&quot;,&quot;navigation&quot;:&quot;both&quot;,&quot;autoplay&quot;:&quot;yes&quot;,&quot;pause_on_hover&quot;:&quot;yes&quot;,&quot;pause_on_interaction&quot;:&quot;yes&quot;,&quot;autoplay_speed&quot;:5000,&quot;infinite&quot;:&quot;yes&quot;,&quot;effect&quot;:&quot;slide&quot;,&quot;speed&quot;:500}\" data-widget_type=\"image-carousel.default\">\n\t\t\t\t<div class=\"elementor-widget-container\">\n\t\t\t\t\t\t\t<div class=\"elementor-image-carousel-wrapper swiper\" role=\"region\" aria-roledescription=\"carousel\" aria-label=\"Carrossel de imagens\" dir=\"ltr\">\n\t\t\t<div class=\"elementor-image-carousel swiper-wrapper swiper-image-stretch\" aria-live=\"off\">\n\t\t\t\t\t\t\t\t<div class=\"swiper-slide\" role=\"group\" aria-roledescription=\"slide\" aria-label=\"1 de 10\"><figure class=\"swiper-slide-inner\"><img decoding=\"async\" class=\"swiper-slide-image\" src=\"https:\/\/resibag.com.br\/home\/resibag\/wp-content\/uploads\/2023\/10\/Resibag-Estruturado-Vazio-1a.jpg\" alt=\"Resibag Estruturado Vazio 1a\" \/><\/figure><\/div><div class=\"swiper-slide\" role=\"group\" aria-roledescription=\"slide\" aria-label=\"2 de 10\"><figure class=\"swiper-slide-inner\"><img decoding=\"async\" class=\"swiper-slide-image\" src=\"https:\/\/resibag.com.br\/home\/resibag\/wp-content\/uploads\/2023\/09\/11-003453_imagem_final.jpg\" alt=\"11-003453_imagem_final.\" \/><\/figure><\/div><div class=\"swiper-slide\" role=\"group\" aria-roledescription=\"slide\" aria-label=\"3 de 10\"><figure class=\"swiper-slide-inner\"><img decoding=\"async\" class=\"swiper-slide-image\" src=\"https:\/\/resibag.com.br\/home\/resibag\/wp-content\/uploads\/2023\/10\/Resibag-Estruturado-Vazio-3a.jpg\" alt=\"Resibag Estruturado Vazio 3a\" \/><\/figure><\/div><div class=\"swiper-slide\" role=\"group\" aria-roledescription=\"slide\" aria-label=\"4 de 10\"><figure class=\"swiper-slide-inner\"><img decoding=\"async\" class=\"swiper-slide-image\" src=\"https:\/\/resibag.com.br\/home\/resibag\/wp-content\/uploads\/2023\/10\/Resibag-Estruturado-Vazio-2b.jpg\" alt=\"Resibag Estruturado Vazio 2b\" \/><\/figure><\/div><div class=\"swiper-slide\" role=\"group\" aria-roledescription=\"slide\" aria-label=\"5 de 10\"><figure class=\"swiper-slide-inner\"><img decoding=\"async\" class=\"swiper-slide-image\" src=\"https:\/\/resibag.com.br\/home\/resibag\/wp-content\/uploads\/2023\/09\/11-003453_imagem_final.2.jpg\" alt=\"11-003453_imagem_final.2\" \/><\/figure><\/div><div class=\"swiper-slide\" role=\"group\" aria-roledescription=\"slide\" aria-label=\"6 de 10\"><figure class=\"swiper-slide-inner\"><img decoding=\"async\" class=\"swiper-slide-image\" src=\"https:\/\/resibag.com.br\/home\/resibag\/wp-content\/uploads\/2023\/09\/11-003453_imagem_final.3.jpg\" alt=\"11-003453_imagem_final.3\" \/><\/figure><\/div><div class=\"swiper-slide\" role=\"group\" aria-roledescription=\"slide\" aria-label=\"7 de 10\"><figure class=\"swiper-slide-inner\"><img decoding=\"async\" class=\"swiper-slide-image\" src=\"https:\/\/resibag.com.br\/home\/resibag\/wp-content\/uploads\/2022\/10\/Sanwey-Resibag-03.jpg\" alt=\"Sanwey-Resibag 03\" \/><\/figure><\/div><div class=\"swiper-slide\" role=\"group\" aria-roledescription=\"slide\" aria-label=\"8 de 10\"><figure class=\"swiper-slide-inner\"><img decoding=\"async\" class=\"swiper-slide-image\" src=\"https:\/\/resibag.com.br\/home\/resibag\/wp-content\/uploads\/2022\/10\/Sanwey-Resibag-05.jpg\" alt=\"Sanwey-Resibag 05\" \/><\/figure><\/div><div class=\"swiper-slide\" role=\"group\" aria-roledescription=\"slide\" aria-label=\"9 de 10\"><figure class=\"swiper-slide-inner\"><img decoding=\"async\" class=\"swiper-slide-image\" src=\"https:\/\/resibag.com.br\/home\/resibag\/wp-content\/uploads\/2022\/10\/Sanwey-Resibag-10.jpg\" alt=\"Sanwey-Resibag 10\" \/><\/figure><\/div><div class=\"swiper-slide\" role=\"group\" aria-roledescription=\"slide\" aria-label=\"10 de 10\"><figure class=\"swiper-slide-inner\"><img decoding=\"async\" class=\"swiper-slide-image\" src=\"https:\/\/resibag.com.br\/home\/resibag\/wp-content\/uploads\/2022\/10\/Sanwey-Resibag-08.jpg\" alt=\"Sanwey-Resibag 08\" \/><\/figure><\/div>\t\t\t<\/div>\n\t\t\t\t\t\t\t\t\t\t\t\t<div class=\"elementor-swiper-button elementor-swiper-button-prev\" role=\"button\" tabindex=\"0\">\n\t\t\t\t\t\t<i aria-hidden=\"true\" class=\"eicon-chevron-left\"><\/i>\t\t\t\t\t<\/div>\n\t\t\t\t\t<div class=\"elementor-swiper-button elementor-swiper-button-next\" role=\"button\" tabindex=\"0\">\n\t\t\t\t\t\t<i aria-hidden=\"true\" class=\"eicon-chevron-right\"><\/i>\t\t\t\t\t<\/div>\n\t\t\t\t\n\t\t\t\t\t\t\t\t\t<div class=\"swiper-pagination\"><\/div>\n\t\t\t\t\t\t\t\t\t<\/div>\n\t\t\t\t\t\t<\/div>\n\t\t\t\t<\/div>\n\t\t\t\t\t<\/div>\n\t\t<\/div>\n\t\t\t\t<div class=\"elementor-column elementor-col-50 elementor-top-column elementor-element elementor-element-1831c34\" data-id=\"1831c34\" data-element_type=\"column\">\n\t\t\t<div class=\"elementor-widget-wrap elementor-element-populated\">\n\t\t\t\t\t\t<div class=\"elementor-element elementor-element-7514a8b elementor-widget elementor-widget-heading\" data-id=\"7514a8b\" data-element_type=\"widget\" data-widget_type=\"heading.default\">\n\t\t\t\t<div class=\"elementor-widget-container\">\n\t\t\t\t\t<h2 class=\"elementor-heading-title elementor-size-default\">resibag estruturado<\/h2>\t\t\t\t<\/div>\n\t\t\t\t<\/div>\n\t\t\t\t<div class=\"elementor-element elementor-element-45a4b7f elementor-widget elementor-widget-text-editor\" data-id=\"45a4b7f\" data-element_type=\"widget\" data-widget_type=\"text-editor.default\">\n\t\t\t\t<div class=\"elementor-widget-container\">\n\t\t\t\t\t\t\t\t\t<p>Al\u00e9m de todos os benef\u00edcios do Resibag convencional, o estruturado n\u00e3o necessita de suporte de al\u00e7as para o envase ganhando mais praticidade e menor tempo devido \u00e0 sua parede semirr\u00edgida.<\/p><p>O Resibag estruturado \u00e9 uma embalagem homologada pelo INMETRO para o transporte de res\u00edduos perigosos classificados pela ONU e regulamentados pela Resolu\u00e7\u00e3o ANTT <span style=\"font-weight: 400;\">5998<\/span>, confeccionado com tecido de rafia, aditivado contra a\u00e7\u00e3o dos raios ultravioletas. Internamente, \u00e9 revestido por uma embalagem pl\u00e1stica, denominada de liner (composta por Polietileno de Baixa Densidade), que tem como fun\u00e7\u00e3o garantir o bom armazenamento e transporte do res\u00edduo, evitando poss\u00edveis vazamentos.<\/p>\t\t\t\t\t\t\t\t<\/div>\n\t\t\t\t<\/div>\n\t\t\t\t<div class=\"elementor-element elementor-element-a369600 elementor-align-center elementor-widget elementor-widget-button\" data-id=\"a369600\" data-element_type=\"widget\" data-widget_type=\"button.default\">\n\t\t\t\t<div class=\"elementor-widget-container\">\n\t\t\t\t\t\t\t\t\t<div class=\"elementor-button-wrapper\">\n\t\t\t\t\t<a class=\"elementor-button elementor-button-link elementor-size-lg\" href=\"https:\/\/wa.me\/5511940551389?text=Quero+mais+informa%C3%A7%C3%B5es+sobre+o+Resibag\">\n\t\t\t\t\t\t<span class=\"elementor-button-content-wrapper\">\n\t\t\t\t\t\t\t\t\t<span class=\"elementor-button-text\">Fale com um especialista Resibag<\/span>\n\t\t\t\t\t<\/span>\n\t\t\t\t\t<\/a>\n\t\t\t\t<\/div>\n\t\t\t\t\t\t\t\t<\/div>\n\t\t\t\t<\/div>\n\t\t\t\t\t<\/div>\n\t\t<\/div>\n\t\t\t\t\t<\/div>\n\t\t<\/section>\n\t\t\t\t<section class=\"elementor-section elementor-top-section elementor-element elementor-element-3e5a8c4 elementor-section-boxed elementor-section-height-default elementor-section-height-default\" data-id=\"3e5a8c4\" data-element_type=\"section\">\n\t\t\t\t\t\t<div class=\"elementor-container elementor-column-gap-no\">\n\t\t\t\t\t<div class=\"elementor-column elementor-col-100 elementor-top-column elementor-element elementor-element-3f259cd\" data-id=\"3f259cd\" data-element_type=\"column\">\n\t\t\t<div class=\"elementor-widget-wrap elementor-element-populated\">\n\t\t\t\t\t\t<div class=\"elementor-element elementor-element-362183a elementor-widget elementor-widget-spacer\" data-id=\"362183a\" data-element_type=\"widget\" data-widget_type=\"spacer.default\">\n\t\t\t\t<div class=\"elementor-widget-container\">\n\t\t\t\t\t\t\t<div class=\"elementor-spacer\">\n\t\t\t<div class=\"elementor-spacer-inner\"><\/div>\n\t\t<\/div>\n\t\t\t\t\t\t<\/div>\n\t\t\t\t<\/div>\n\t\t\t\t<div class=\"elementor-element elementor-element-3c3ad7c elementor-widget elementor-widget-heading\" data-id=\"3c3ad7c\" data-element_type=\"widget\" data-widget_type=\"heading.default\">\n\t\t\t\t<div class=\"elementor-widget-container\">\n\t\t\t\t\t<h2 class=\"elementor-heading-title elementor-size-default\">Especifica\u00e7\u00f5es t\u00e9cnicas<\/h2>\t\t\t\t<\/div>\n\t\t\t\t<\/div>\n\t\t\t\t<div class=\"elementor-element elementor-element-31e41e4 elementor-widget elementor-widget-spacer\" data-id=\"31e41e4\" data-element_type=\"widget\" data-widget_type=\"spacer.default\">\n\t\t\t\t<div class=\"elementor-widget-container\">\n\t\t\t\t\t\t\t<div class=\"elementor-spacer\">\n\t\t\t<div class=\"elementor-spacer-inner\"><\/div>\n\t\t<\/div>\n\t\t\t\t\t\t<\/div>\n\t\t\t\t<\/div>\n\t\t\t\t<div class=\"elementor-element elementor-element-f8a1eb0 elementor-widget elementor-widget-image\" data-id=\"f8a1eb0\" data-element_type=\"widget\" data-widget_type=\"image.default\">\n\t\t\t\t<div class=\"elementor-widget-container\">\n\t\t\t\t\t\t\t\t\t\t\t\t\t\t\t<img fetchpriority=\"high\" decoding=\"async\" width=\"1024\" height=\"521\" src=\"https:\/\/resibag.com.br\/home\/resibag\/wp-content\/uploads\/2023\/04\/resibag-estruturado-1024x521.png\" class=\"attachment-large size-large wp-image-14281\" alt=\"\" srcset=\"https:\/\/resibag.com.br\/home\/resibag\/wp-content\/uploads\/2023\/04\/resibag-estruturado-1024x521.png 1024w, https:\/\/resibag.com.br\/home\/resibag\/wp-content\/uploads\/2023\/04\/resibag-estruturado-300x153.png 300w, https:\/\/resibag.com.br\/home\/resibag\/wp-content\/uploads\/2023\/04\/resibag-estruturado-768x391.png 768w, https:\/\/resibag.com.br\/home\/resibag\/wp-content\/uploads\/2023\/04\/resibag-estruturado-600x306.png 600w, https:\/\/resibag.com.br\/home\/resibag\/wp-content\/uploads\/2023\/04\/resibag-estruturado-64x33.png 64w, https:\/\/resibag.com.br\/home\/resibag\/wp-content\/uploads\/2023\/04\/resibag-estruturado.png 1080w\" sizes=\"(max-width: 1024px) 100vw, 1024px\" \/>\t\t\t\t\t\t\t\t\t\t\t\t\t\t\t<\/div>\n\t\t\t\t<\/div>\n\t\t\t\t<div class=\"elementor-element elementor-element-70f7dd3 elementor-widget elementor-widget-spacer\" data-id=\"70f7dd3\" data-element_type=\"widget\" data-widget_type=\"spacer.default\">\n\t\t\t\t<div class=\"elementor-widget-container\">\n\t\t\t\t\t\t\t<div class=\"elementor-spacer\">\n\t\t\t<div class=\"elementor-spacer-inner\"><\/div>\n\t\t<\/div>\n\t\t\t\t\t\t<\/div>\n\t\t\t\t<\/div>\n\t\t\t\t\t<\/div>\n\t\t<\/div>\n\t\t\t\t\t<\/div>\n\t\t<\/section>\n\t\t\t\t<section class=\"elementor-section elementor-top-section elementor-element elementor-element-0778aa3 elementor-section-boxed elementor-section-height-default elementor-section-height-default\" data-id=\"0778aa3\" data-element_type=\"section\">\n\t\t\t\t\t\t<div class=\"elementor-container elementor-column-gap-default\">\n\t\t\t\t\t<div class=\"elementor-column elementor-col-100 elementor-top-column elementor-element elementor-element-bf5713f\" data-id=\"bf5713f\" data-element_type=\"column\">\n\t\t\t<div class=\"elementor-widget-wrap elementor-element-populated\">\n\t\t\t\t\t\t<div class=\"elementor-element elementor-element-f24c0e9 elementor-arrows-position-inside elementor-pagination-position-outside elementor-widget elementor-widget-image-carousel\" data-id=\"f24c0e9\" data-element_type=\"widget\" data-settings=\"{&quot;slides_to_show&quot;:&quot;1&quot;,&quot;navigation&quot;:&quot;both&quot;,&quot;autoplay&quot;:&quot;yes&quot;,&quot;pause_on_hover&quot;:&quot;yes&quot;,&quot;pause_on_interaction&quot;:&quot;yes&quot;,&quot;autoplay_speed&quot;:5000,&quot;infinite&quot;:&quot;yes&quot;,&quot;effect&quot;:&quot;slide&quot;,&quot;speed&quot;:500}\" data-widget_type=\"image-carousel.default\">\n\t\t\t\t<div class=\"elementor-widget-container\">\n\t\t\t\t\t\t\t<div class=\"elementor-image-carousel-wrapper swiper\" role=\"region\" aria-roledescription=\"carousel\" aria-label=\"Carrossel de imagens\" dir=\"ltr\">\n\t\t\t<div class=\"elementor-image-carousel swiper-wrapper\" aria-live=\"off\">\n\t\t\t\t\t\t\t\t<div class=\"swiper-slide\" role=\"group\" aria-roledescription=\"slide\" aria-label=\"1 de 1\"><figure class=\"swiper-slide-inner\"><img decoding=\"async\" class=\"swiper-slide-image\" src=\"https:\/\/resibag.com.br\/home\/resibag\/wp-content\/uploads\/2022\/10\/resibag2-1.jpg\" alt=\"resibag2-1\" \/><\/figure><\/div>\t\t\t<\/div>\n\t\t\t\t\t<\/div>\n\t\t\t\t\t\t<\/div>\n\t\t\t\t<\/div>\n\t\t\t\t\t<\/div>\n\t\t<\/div>\n\t\t\t\t\t<\/div>\n\t\t<\/section>\n\t\t\t\t<\/div>\n\t\t","protected":false},"excerpt":{"rendered":"<p>resibag estruturado Al\u00e9m de todos os benef\u00edcios do Resibag convencional, o estruturado n\u00e3o necessita de suporte de al\u00e7as para o envase ganhando mais praticidade e menor tempo devido \u00e0 sua parede semirr\u00edgida. O Resibag estruturado \u00e9 uma embalagem homologada pelo INMETRO para o transporte de res\u00edduos perigosos classificados pela ONU e regulamentados pela Resolu\u00e7\u00e3o ANTT&hellip;&nbsp;<a href=\"https:\/\/resibag.com.br\/home\/resibag\/resibag-estruturado\/\" class=\"\" rel=\"bookmark\">Continue a ler &raquo;<span class=\"screen-reader-text\">Resibag Estruturado<\/span><\/a><\/p>\n","protected":false},"author":92,"featured_media":0,"parent":0,"menu_order":0,"comment_status":"closed","ping_status":"closed","template":"page-templates\/template-pagebuilder-full-width.php","meta":{"neve_meta_sidebar":"","neve_meta_container":"","neve_meta_enable_content_width":"","neve_meta_content_width":0,"neve_meta_title_alignment":"","neve_meta_author_avatar":"","neve_post_elements_order":"","neve_meta_disable_header":"","neve_meta_disable_footer":"","neve_meta_disable_title":"","footnotes":""},"class_list":["post-14279","page","type-page","status-publish","hentry"],"yoast_head":"<!-- This site is optimized with the Yoast SEO Premium plugin v18.3 (Yoast SEO v25.4) - https:\/\/yoast.com\/wordpress\/plugins\/seo\/ -->\n<title>Resibag Estruturado - Resibag<\/title>\n<meta name=\"robots\" content=\"index, follow, max-snippet:-1, max-image-preview:large, max-video-preview:-1\" \/>\n<link rel=\"canonical\" href=\"https:\/\/resibag.com.br\/home\/resibag\/resibag-estruturado\/\" \/>\n<meta property=\"og:locale\" content=\"pt_BR\" \/>\n<meta property=\"og:type\" content=\"article\" \/>\n<meta property=\"og:title\" content=\"Resibag Estruturado\" \/>\n<meta property=\"og:description\" content=\"resibag estruturado Al\u00e9m de todos os benef\u00edcios do Resibag convencional, o estruturado n\u00e3o necessita de suporte de al\u00e7as para o envase ganhando mais\" \/>\n<meta property=\"og:url\" content=\"https:\/\/resibag.com.br\/home\/resibag\/resibag-estruturado\/\" \/>\n<meta property=\"og:site_name\" content=\"Resibag\" \/>\n<meta property=\"article:publisher\" content=\"https:\/\/www.facebook.com\/chlobrecho\" \/>\n<meta property=\"article:modified_time\" content=\"2026-03-23T14:25:32+00:00\" \/>\n<meta property=\"og:image\" content=\"https:\/\/resibag.com.br\/home\/resibag\/wp-content\/uploads\/2023\/10\/Resibag-Estruturado-Vazio-1a.jpg\" \/>\n<meta name=\"twitter:card\" content=\"summary_large_image\" \/>\n<meta name=\"twitter:label1\" content=\"Est. tempo de leitura\" \/>\n\t<meta name=\"twitter:data1\" content=\"4 minutos\" \/>\n<script type=\"application\/ld+json\" class=\"yoast-schema-graph\">{\"@context\":\"https:\/\/schema.org\",\"@graph\":[{\"@type\":\"WebPage\",\"@id\":\"https:\/\/resibag.com.br\/home\/resibag\/resibag-estruturado\/\",\"url\":\"https:\/\/resibag.com.br\/home\/resibag\/resibag-estruturado\/\",\"name\":\"Resibag Estruturado - Resibag\",\"isPartOf\":{\"@id\":\"https:\/\/resibag.com.br\/home\/resibag\/#website\"},\"primaryImageOfPage\":{\"@id\":\"https:\/\/resibag.com.br\/home\/resibag\/resibag-estruturado\/#primaryimage\"},\"image\":{\"@id\":\"https:\/\/resibag.com.br\/home\/resibag\/resibag-estruturado\/#primaryimage\"},\"thumbnailUrl\":\"https:\/\/resibag.com.br\/home\/resibag\/wp-content\/uploads\/2023\/10\/Resibag-Estruturado-Vazio-1a.jpg\",\"datePublished\":\"2023-04-05T07:58:04+00:00\",\"dateModified\":\"2026-03-23T14:25:32+00:00\",\"breadcrumb\":{\"@id\":\"https:\/\/resibag.com.br\/home\/resibag\/resibag-estruturado\/#breadcrumb\"},\"inLanguage\":\"pt-BR\",\"potentialAction\":[{\"@type\":\"ReadAction\",\"target\":[\"https:\/\/resibag.com.br\/home\/resibag\/resibag-estruturado\/\"]}]},{\"@type\":\"ImageObject\",\"inLanguage\":\"pt-BR\",\"@id\":\"https:\/\/resibag.com.br\/home\/resibag\/resibag-estruturado\/#primaryimage\",\"url\":\"https:\/\/resibag.com.br\/home\/resibag\/wp-content\/uploads\/2023\/10\/Resibag-Estruturado-Vazio-1a.jpg\",\"contentUrl\":\"https:\/\/resibag.com.br\/home\/resibag\/wp-content\/uploads\/2023\/10\/Resibag-Estruturado-Vazio-1a.jpg\",\"width\":1200,\"height\":1200},{\"@type\":\"BreadcrumbList\",\"@id\":\"https:\/\/resibag.com.br\/home\/resibag\/resibag-estruturado\/#breadcrumb\",\"itemListElement\":[{\"@type\":\"ListItem\",\"position\":1,\"name\":\"In\u00edcio\",\"item\":\"https:\/\/resibag.com.br\/home\/resibag\/\"},{\"@type\":\"ListItem\",\"position\":2,\"name\":\"Resibag Estruturado\"}]},{\"@type\":\"WebSite\",\"@id\":\"https:\/\/resibag.com.br\/home\/resibag\/#website\",\"url\":\"https:\/\/resibag.com.br\/home\/resibag\/\",\"name\":\"Chl\u00f4 - Brech\u00f3 de Luxo Online\",\"description\":\"Seu Descarte Consciente\",\"potentialAction\":[{\"@type\":\"SearchAction\",\"target\":{\"@type\":\"EntryPoint\",\"urlTemplate\":\"https:\/\/resibag.com.br\/home\/resibag\/?s={search_term_string}\"},\"query-input\":{\"@type\":\"PropertyValueSpecification\",\"valueRequired\":true,\"valueName\":\"search_term_string\"}}],\"inLanguage\":\"pt-BR\"}]}<\/script>\n<!-- \/ Yoast SEO Premium plugin. -->","yoast_head_json":{"title":"Resibag Estruturado - Resibag","robots":{"index":"index","follow":"follow","max-snippet":"max-snippet:-1","max-image-preview":"max-image-preview:large","max-video-preview":"max-video-preview:-1"},"canonical":"https:\/\/resibag.com.br\/home\/resibag\/resibag-estruturado\/","og_locale":"pt_BR","og_type":"article","og_title":"Resibag Estruturado","og_description":"resibag estruturado Al\u00e9m de todos os benef\u00edcios do Resibag convencional, o estruturado n\u00e3o necessita de suporte de al\u00e7as para o envase ganhando mais","og_url":"https:\/\/resibag.com.br\/home\/resibag\/resibag-estruturado\/","og_site_name":"Resibag","article_publisher":"https:\/\/www.facebook.com\/chlobrecho","article_modified_time":"2026-03-23T14:25:32+00:00","og_image":[{"url":"https:\/\/resibag.com.br\/home\/resibag\/wp-content\/uploads\/2023\/10\/Resibag-Estruturado-Vazio-1a.jpg","type":"","width":"","height":""}],"twitter_card":"summary_large_image","twitter_misc":{"Est. tempo de leitura":"4 minutos"},"schema":{"@context":"https:\/\/schema.org","@graph":[{"@type":"WebPage","@id":"https:\/\/resibag.com.br\/home\/resibag\/resibag-estruturado\/","url":"https:\/\/resibag.com.br\/home\/resibag\/resibag-estruturado\/","name":"Resibag Estruturado - Resibag","isPartOf":{"@id":"https:\/\/resibag.com.br\/home\/resibag\/#website"},"primaryImageOfPage":{"@id":"https:\/\/resibag.com.br\/home\/resibag\/resibag-estruturado\/#primaryimage"},"image":{"@id":"https:\/\/resibag.com.br\/home\/resibag\/resibag-estruturado\/#primaryimage"},"thumbnailUrl":"https:\/\/resibag.com.br\/home\/resibag\/wp-content\/uploads\/2023\/10\/Resibag-Estruturado-Vazio-1a.jpg","datePublished":"2023-04-05T07:58:04+00:00","dateModified":"2026-03-23T14:25:32+00:00","breadcrumb":{"@id":"https:\/\/resibag.com.br\/home\/resibag\/resibag-estruturado\/#breadcrumb"},"inLanguage":"pt-BR","potentialAction":[{"@type":"ReadAction","target":["https:\/\/resibag.com.br\/home\/resibag\/resibag-estruturado\/"]}]},{"@type":"ImageObject","inLanguage":"pt-BR","@id":"https:\/\/resibag.com.br\/home\/resibag\/resibag-estruturado\/#primaryimage","url":"https:\/\/resibag.com.br\/home\/resibag\/wp-content\/uploads\/2023\/10\/Resibag-Estruturado-Vazio-1a.jpg","contentUrl":"https:\/\/resibag.com.br\/home\/resibag\/wp-content\/uploads\/2023\/10\/Resibag-Estruturado-Vazio-1a.jpg","width":1200,"height":1200},{"@type":"BreadcrumbList","@id":"https:\/\/resibag.com.br\/home\/resibag\/resibag-estruturado\/#breadcrumb","itemListElement":[{"@type":"ListItem","position":1,"name":"In\u00edcio","item":"https:\/\/resibag.com.br\/home\/resibag\/"},{"@type":"ListItem","position":2,"name":"Resibag Estruturado"}]},{"@type":"WebSite","@id":"https:\/\/resibag.com.br\/home\/resibag\/#website","url":"https:\/\/resibag.com.br\/home\/resibag\/","name":"Chl\u00f4 - Brech\u00f3 de Luxo Online","description":"Seu Descarte Consciente","potentialAction":[{"@type":"SearchAction","target":{"@type":"EntryPoint","urlTemplate":"https:\/\/resibag.com.br\/home\/resibag\/?s={search_term_string}"},"query-input":{"@type":"PropertyValueSpecification","valueRequired":true,"valueName":"search_term_string"}}],"inLanguage":"pt-BR"}]}},"_links":{"self":[{"href":"https:\/\/resibag.com.br\/home\/resibag\/wp-json\/wp\/v2\/pages\/14279","targetHints":{"allow":["GET"]}}],"collection":[{"href":"https:\/\/resibag.com.br\/home\/resibag\/wp-json\/wp\/v2\/pages"}],"about":[{"href":"https:\/\/resibag.com.br\/home\/resibag\/wp-json\/wp\/v2\/types\/page"}],"author":[{"embeddable":true,"href":"https:\/\/resibag.com.br\/home\/resibag\/wp-json\/wp\/v2\/users\/92"}],"replies":[{"embeddable":true,"href":"https:\/\/resibag.com.br\/home\/resibag\/wp-json\/wp\/v2\/comments?post=14279"}],"version-history":[{"count":55,"href":"https:\/\/resibag.com.br\/home\/resibag\/wp-json\/wp\/v2\/pages\/14279\/revisions"}],"predecessor-version":[{"id":14761,"href":"https:\/\/resibag.com.br\/home\/resibag\/wp-json\/wp\/v2\/pages\/14279\/revisions\/14761"}],"wp:attachment":[{"href":"https:\/\/resibag.com.br\/home\/resibag\/wp-json\/wp\/v2\/media?parent=14279"}],"curies":[{"name":"wp","href":"https:\/\/api.w.org\/{rel}","templated":true}]}}